{"id":86,"date":"2022-06-28T15:12:50","date_gmt":"2022-06-28T13:12:50","guid":{"rendered":"http:\/\/talents-illkirch.eu\/?page_id=86"},"modified":"2025-01-14T17:33:03","modified_gmt":"2025-01-14T16:33:03","slug":"infos-pratiques","status":"publish","type":"page","link":"https:\/\/talents-illkirch.eu\/index.php\/infos-pratiques\/","title":{"rendered":"Infos pratiques"},"content":{"rendered":"\t\t<div data-elementor-type=\"wp-page\" data-elementor-id=\"86\" class=\"elementor elementor-86\" data-elementor-post-type=\"page\">\n\t\t\t\t\t\t<section class=\"elementor-section elementor-top-section elementor-element elementor-element-ffdc406 elementor-section-boxed elementor-section-height-default elementor-section-height-default\" data-id=\"ffdc406\" data-element_type=\"section\" data-e-type=\"section\">\n\t\t\t\t\t\t<div class=\"elementor-container elementor-column-gap-default\">\n\t\t\t\t\t<div class=\"elementor-column elementor-col-100 elementor-top-column elementor-element elementor-element-5431ec51\" data-id=\"5431ec51\" data-element_type=\"column\" data-e-type=\"column\">\n\t\t\t<div class=\"elementor-widget-wrap elementor-element-populated\">\n\t\t\t\t\t\t<div class=\"elementor-element elementor-element-aa28294 elementor-widget elementor-widget-heading\" data-id=\"aa28294\" data-element_type=\"widget\" data-e-type=\"widget\" data-widget_type=\"heading.default\">\n\t\t\t\t<div class=\"elementor-widget-container\">\n\t\t\t\t\t<h2 class=\"elementor-heading-title elementor-size-default\">&gt; Dates et  horaires :<\/h2>\t\t\t\t<\/div>\n\t\t\t\t<\/div>\n\t\t\t\t<div class=\"elementor-element elementor-element-5445eb6 elementor-widget elementor-widget-spacer\" data-id=\"5445eb6\" data-element_type=\"widget\" data-e-type=\"widget\" data-widget_type=\"spacer.default\">\n\t\t\t\t<div class=\"elementor-widget-container\">\n\t\t\t\t\t\t\t<div class=\"elementor-spacer\">\n\t\t\t<div class=\"elementor-spacer-inner\"><\/div>\n\t\t<\/div>\n\t\t\t\t\t\t<\/div>\n\t\t\t\t<\/div>\n\t\t\t\t<div class=\"elementor-element elementor-element-62f05ce elementor-widget elementor-widget-text-editor\" data-id=\"62f05ce\" data-element_type=\"widget\" data-e-type=\"widget\" data-widget_type=\"text-editor.default\">\n\t\t\t\t<div class=\"elementor-widget-container\">\n\t\t\t\t\t\t\t\t\t<p><span style=\"font-size: 18px;\">Samedi 22 mars de 10h00 \u00e0 19h00<\/span><br \/><span style=\"font-size: 18px;\">Dimanche 23 mars de 09h30 \u00e0 18h00<\/span><\/p>\t\t\t\t\t\t\t\t<\/div>\n\t\t\t\t<\/div>\n\t\t\t\t<div class=\"elementor-element elementor-element-a17a060 elementor-widget-divider--view-line elementor-widget elementor-widget-divider\" data-id=\"a17a060\" data-element_type=\"widget\" data-e-type=\"widget\" data-widget_type=\"divider.default\">\n\t\t\t\t<div class=\"elementor-widget-container\">\n\t\t\t\t\t\t\t<div class=\"elementor-divider\">\n\t\t\t<span class=\"elementor-divider-separator\">\n\t\t\t\t\t\t<\/span>\n\t\t<\/div>\n\t\t\t\t\t\t<\/div>\n\t\t\t\t<\/div>\n\t\t\t\t\t<\/div>\n\t\t<\/div>\n\t\t\t\t\t<\/div>\n\t\t<\/section>\n\t\t\t\t<section class=\"elementor-section elementor-top-section elementor-element elementor-element-60ce0ff elementor-section-boxed elementor-section-height-default elementor-section-height-default\" data-id=\"60ce0ff\" data-element_type=\"section\" data-e-type=\"section\">\n\t\t\t\t\t\t<div class=\"elementor-container elementor-column-gap-default\">\n\t\t\t\t\t<div class=\"elementor-column elementor-col-100 elementor-top-column elementor-element elementor-element-d5613ef\" data-id=\"d5613ef\" data-element_type=\"column\" data-e-type=\"column\">\n\t\t\t<div class=\"elementor-widget-wrap elementor-element-populated\">\n\t\t\t\t\t\t<div class=\"elementor-element elementor-element-6ebe05c elementor-widget elementor-widget-heading\" data-id=\"6ebe05c\" data-element_type=\"widget\" data-e-type=\"widget\" data-widget_type=\"heading.default\">\n\t\t\t\t<div class=\"elementor-widget-container\">\n\t\t\t\t\t<h2 class=\"elementor-heading-title elementor-size-default\">&gt; Tarifs :<\/h2>\t\t\t\t<\/div>\n\t\t\t\t<\/div>\n\t\t\t\t<div class=\"elementor-element elementor-element-f8bc626 elementor-widget elementor-widget-text-editor\" data-id=\"f8bc626\" data-element_type=\"widget\" data-e-type=\"widget\" data-widget_type=\"text-editor.default\">\n\t\t\t\t<div class=\"elementor-widget-container\">\n\t\t\t\t\t\t\t\t\t<p><span style=\"font-size: 18px;\">Plein tarif : 5\u20ac<\/span><\/p><p><span style=\"font-size: 18px;\">Forfait 2 jours : 8\u20ac<\/span><\/p><p><span style=\"font-size: 18px;\">\u00c9tudiants : 2\u20ac<\/span><\/p><p><span style=\"font-size: 18px;\">Gratuit\u00e9 pour les enfants de -12ans et pour les personnes inscrites aux ateliers<\/span><\/p><p><span style=\"font-size: 18px;\">\u00a0<\/span><\/p><p><strong>Envie de gagner du temps ? <\/strong><\/p><p>Vous pouvez \u00e9galement prendre vos entr\u00e9es sur notre page Hello Asso, afin d&rsquo;\u00e9viter de patienter en caisse.\u00a0<\/p><p><a href=\"https:\/\/www.helloasso.com\/associations\/brode-art\">Brode-Art | HelloAsso<\/a><\/p>\t\t\t\t\t\t\t\t<\/div>\n\t\t\t\t<\/div>\n\t\t\t\t<div class=\"elementor-element elementor-element-7161200 elementor-widget elementor-widget-spacer\" data-id=\"7161200\" data-element_type=\"widget\" data-e-type=\"widget\" data-widget_type=\"spacer.default\">\n\t\t\t\t<div class=\"elementor-widget-container\">\n\t\t\t\t\t\t\t<div class=\"elementor-spacer\">\n\t\t\t<div class=\"elementor-spacer-inner\"><\/div>\n\t\t<\/div>\n\t\t\t\t\t\t<\/div>\n\t\t\t\t<\/div>\n\t\t\t\t<div class=\"elementor-element elementor-element-d041907 elementor-widget-divider--view-line elementor-widget elementor-widget-divider\" data-id=\"d041907\" data-element_type=\"widget\" data-e-type=\"widget\" data-widget_type=\"divider.default\">\n\t\t\t\t<div class=\"elementor-widget-container\">\n\t\t\t\t\t\t\t<div class=\"elementor-divider\">\n\t\t\t<span class=\"elementor-divider-separator\">\n\t\t\t\t\t\t<\/span>\n\t\t<\/div>\n\t\t\t\t\t\t<\/div>\n\t\t\t\t<\/div>\n\t\t\t\t\t<\/div>\n\t\t<\/div>\n\t\t\t\t\t<\/div>\n\t\t<\/section>\n\t\t\t\t<section class=\"elementor-section elementor-top-section elementor-element elementor-element-91e8589 elementor-section-boxed elementor-section-height-default elementor-section-height-default\" data-id=\"91e8589\" data-element_type=\"section\" data-e-type=\"section\">\n\t\t\t\t\t\t<div class=\"elementor-container elementor-column-gap-default\">\n\t\t\t\t\t<div class=\"elementor-column elementor-col-100 elementor-top-column elementor-element elementor-element-9cdce76\" data-id=\"9cdce76\" data-element_type=\"column\" data-e-type=\"column\">\n\t\t\t<div class=\"elementor-widget-wrap elementor-element-populated\">\n\t\t\t\t\t\t<div class=\"elementor-element elementor-element-f76dc1f elementor-widget elementor-widget-heading\" data-id=\"f76dc1f\" data-element_type=\"widget\" data-e-type=\"widget\" data-widget_type=\"heading.default\">\n\t\t\t\t<div class=\"elementor-widget-container\">\n\t\t\t\t\t<h2 class=\"elementor-heading-title elementor-size-default\">&gt; Lieu :<\/h2>\t\t\t\t<\/div>\n\t\t\t\t<\/div>\n\t\t\t\t<div class=\"elementor-element elementor-element-7f3fd5d elementor-widget elementor-widget-spacer\" data-id=\"7f3fd5d\" data-element_type=\"widget\" data-e-type=\"widget\" data-widget_type=\"spacer.default\">\n\t\t\t\t<div class=\"elementor-widget-container\">\n\t\t\t\t\t\t\t<div class=\"elementor-spacer\">\n\t\t\t<div class=\"elementor-spacer-inner\"><\/div>\n\t\t<\/div>\n\t\t\t\t\t\t<\/div>\n\t\t\t\t<\/div>\n\t\t\t\t<div class=\"elementor-element elementor-element-52324db elementor-widget elementor-widget-text-editor\" data-id=\"52324db\" data-element_type=\"widget\" data-e-type=\"widget\" data-widget_type=\"text-editor.default\">\n\t\t\t\t<div class=\"elementor-widget-container\">\n\t\t\t\t\t\t\t\t\t<p><span style=\"font-size: 18px; font-family: Montserrat;\">L&rsquo;exposition se d\u00e9roulera au sein de la <strong>salle Milius<\/strong> (salle des f\u00eates) de la ville d&rsquo;Illkirch-Graffenstaden au <strong>158 route de Lyon<\/strong>. <\/span><\/p><p><span style=\"font-size: 18px; font-family: Montserrat;\">Les ateliers se d\u00e9rouleront \u00e0 la Vill&rsquo;A. <span style=\"text-decoration: underline;\">Pour information<\/span> : merci de confirmer votre pr\u00e9sence \u00e0 l&rsquo;accueil de la salle Milius, avant d\u2019acc\u00e9der aux ateliers<\/span><\/p>\t\t\t\t\t\t\t\t<\/div>\n\t\t\t\t<\/div>\n\t\t\t\t\t<\/div>\n\t\t<\/div>\n\t\t\t\t\t<\/div>\n\t\t<\/section>\n\t\t\t\t<section class=\"elementor-section elementor-top-section elementor-element elementor-element-8eb564e elementor-section-boxed elementor-section-height-default elementor-section-height-default\" data-id=\"8eb564e\" data-element_type=\"section\" data-e-type=\"section\">\n\t\t\t\t\t\t<div class=\"elementor-container elementor-column-gap-default\">\n\t\t\t\t\t<div class=\"elementor-column elementor-col-50 elementor-top-column elementor-element elementor-element-46c32a1\" data-id=\"46c32a1\" data-element_type=\"column\" data-e-type=\"column\">\n\t\t\t<div class=\"elementor-widget-wrap elementor-element-populated\">\n\t\t\t\t\t\t<div class=\"elementor-element elementor-element-3551a06 elementor-widget elementor-widget-spacer\" data-id=\"3551a06\" data-element_type=\"widget\" data-e-type=\"widget\" data-widget_type=\"spacer.default\">\n\t\t\t\t<div class=\"elementor-widget-container\">\n\t\t\t\t\t\t\t<div class=\"elementor-spacer\">\n\t\t\t<div class=\"elementor-spacer-inner\"><\/div>\n\t\t<\/div>\n\t\t\t\t\t\t<\/div>\n\t\t\t\t<\/div>\n\t\t\t\t<div class=\"elementor-element elementor-element-f89b1ec elementor-widget elementor-widget-image\" data-id=\"f89b1ec\" data-element_type=\"widget\" data-e-type=\"widget\" data-widget_type=\"image.default\">\n\t\t\t\t<div class=\"elementor-widget-container\">\n\t\t\t\t\t\t\t\t\t\t\t\t<figure class=\"wp-caption\">\n\t\t\t\t\t\t\t\t\t\t<img fetchpriority=\"high\" decoding=\"async\" width=\"768\" height=\"433\" src=\"https:\/\/talents-illkirch.eu\/wp-content\/uploads\/2022\/07\/Capture-de\u0301cran-2022-07-04-a\u0300-13.47.23-768x433.png\" class=\"elementor-animation-grow attachment-medium_large size-medium_large wp-image-800\" alt=\"\" srcset=\"https:\/\/talents-illkirch.eu\/wp-content\/uploads\/2022\/07\/Capture-de\u0301cran-2022-07-04-a\u0300-13.47.23-768x433.png 768w, https:\/\/talents-illkirch.eu\/wp-content\/uploads\/2022\/07\/Capture-de\u0301cran-2022-07-04-a\u0300-13.47.23-300x169.png 300w, https:\/\/talents-illkirch.eu\/wp-content\/uploads\/2022\/07\/Capture-de\u0301cran-2022-07-04-a\u0300-13.47.23-1024x577.png 1024w, https:\/\/talents-illkirch.eu\/wp-content\/uploads\/2022\/07\/Capture-de\u0301cran-2022-07-04-a\u0300-13.47.23-1536x866.png 1536w, https:\/\/talents-illkirch.eu\/wp-content\/uploads\/2022\/07\/Capture-de\u0301cran-2022-07-04-a\u0300-13.47.23.png 1774w\" sizes=\"(max-width: 768px) 100vw, 768px\" \/>\t\t\t\t\t\t\t\t\t\t\t<figcaption class=\"widget-image-caption wp-caption-text\">Salle Milius<\/figcaption>\n\t\t\t\t\t\t\t\t\t\t<\/figure>\n\t\t\t\t\t\t\t\t\t<\/div>\n\t\t\t\t<\/div>\n\t\t\t\t\t<\/div>\n\t\t<\/div>\n\t\t\t\t<div class=\"elementor-column elementor-col-50 elementor-top-column elementor-element elementor-element-a1696e7\" data-id=\"a1696e7\" data-element_type=\"column\" data-e-type=\"column\">\n\t\t\t<div class=\"elementor-widget-wrap elementor-element-populated\">\n\t\t\t\t\t\t<div class=\"elementor-element elementor-element-739119a elementor-widget elementor-widget-image\" data-id=\"739119a\" data-element_type=\"widget\" data-e-type=\"widget\" data-widget_type=\"image.default\">\n\t\t\t\t<div class=\"elementor-widget-container\">\n\t\t\t\t\t\t\t\t\t\t\t\t<figure class=\"wp-caption\">\n\t\t\t\t\t\t\t\t\t\t<img decoding=\"async\" width=\"768\" height=\"512\" src=\"https:\/\/talents-illkirch.eu\/wp-content\/uploads\/2022\/06\/ad3346496e4f39ea26cd705a9756389b27f0ff70-768x512.jpeg\" class=\"elementor-animation-grow attachment-medium_large size-medium_large wp-image-466\" alt=\"\" srcset=\"https:\/\/talents-illkirch.eu\/wp-content\/uploads\/2022\/06\/ad3346496e4f39ea26cd705a9756389b27f0ff70-768x512.jpeg 768w, https:\/\/talents-illkirch.eu\/wp-content\/uploads\/2022\/06\/ad3346496e4f39ea26cd705a9756389b27f0ff70-300x200.jpeg 300w, https:\/\/talents-illkirch.eu\/wp-content\/uploads\/2022\/06\/ad3346496e4f39ea26cd705a9756389b27f0ff70-1024x683.jpeg 1024w, https:\/\/talents-illkirch.eu\/wp-content\/uploads\/2022\/06\/ad3346496e4f39ea26cd705a9756389b27f0ff70-1536x1024.jpeg 1536w, https:\/\/talents-illkirch.eu\/wp-content\/uploads\/2022\/06\/ad3346496e4f39ea26cd705a9756389b27f0ff70.jpeg 2048w\" sizes=\"(max-width: 768px) 100vw, 768px\" \/>\t\t\t\t\t\t\t\t\t\t\t<figcaption class=\"widget-image-caption wp-caption-text\">La Vill'A (r\u00e9serv\u00e9e aux ateliers sur inscription)<\/figcaption>\n\t\t\t\t\t\t\t\t\t\t<\/figure>\n\t\t\t\t\t\t\t\t\t<\/div>\n\t\t\t\t<\/div>\n\t\t\t\t\t<\/div>\n\t\t<\/div>\n\t\t\t\t\t<\/div>\n\t\t<\/section>\n\t\t\t\t<section class=\"elementor-section elementor-top-section elementor-element elementor-element-66353e6 elementor-section-boxed elementor-section-height-default elementor-section-height-default\" data-id=\"66353e6\" data-element_type=\"section\" data-e-type=\"section\">\n\t\t\t\t\t\t<div class=\"elementor-container elementor-column-gap-default\">\n\t\t\t\t\t<div class=\"elementor-column elementor-col-100 elementor-top-column elementor-element elementor-element-5df4b04\" data-id=\"5df4b04\" data-element_type=\"column\" data-e-type=\"column\">\n\t\t\t<div class=\"elementor-widget-wrap elementor-element-populated\">\n\t\t\t\t\t\t<div class=\"elementor-element elementor-element-7ac26b5 elementor-widget-divider--view-line elementor-widget elementor-widget-divider\" data-id=\"7ac26b5\" data-element_type=\"widget\" data-e-type=\"widget\" data-widget_type=\"divider.default\">\n\t\t\t\t<div class=\"elementor-widget-container\">\n\t\t\t\t\t\t\t<div class=\"elementor-divider\">\n\t\t\t<span class=\"elementor-divider-separator\">\n\t\t\t\t\t\t<\/span>\n\t\t<\/div>\n\t\t\t\t\t\t<\/div>\n\t\t\t\t<\/div>\n\t\t\t\t<div class=\"elementor-element elementor-element-fa3d33c elementor-widget elementor-widget-heading\" data-id=\"fa3d33c\" data-element_type=\"widget\" data-e-type=\"widget\" data-widget_type=\"heading.default\">\n\t\t\t\t<div class=\"elementor-widget-container\">\n\t\t\t\t\t<h2 class=\"elementor-heading-title elementor-size-default\">&gt; Plan d'acc\u00e8s :<\/h2>\t\t\t\t<\/div>\n\t\t\t\t<\/div>\n\t\t\t\t<div class=\"elementor-element elementor-element-b83af97 elementor-widget elementor-widget-spacer\" data-id=\"b83af97\" data-element_type=\"widget\" data-e-type=\"widget\" data-widget_type=\"spacer.default\">\n\t\t\t\t<div class=\"elementor-widget-container\">\n\t\t\t\t\t\t\t<div class=\"elementor-spacer\">\n\t\t\t<div class=\"elementor-spacer-inner\"><\/div>\n\t\t<\/div>\n\t\t\t\t\t\t<\/div>\n\t\t\t\t<\/div>\n\t\t\t\t\t<\/div>\n\t\t<\/div>\n\t\t\t\t\t<\/div>\n\t\t<\/section>\n\t\t\t\t<section class=\"elementor-section elementor-top-section elementor-element elementor-element-65d0c92 elementor-section-boxed elementor-section-height-default elementor-section-height-default\" data-id=\"65d0c92\" data-element_type=\"section\" data-e-type=\"section\">\n\t\t\t\t\t\t<div class=\"elementor-container elementor-column-gap-default\">\n\t\t\t\t\t<div class=\"elementor-column elementor-col-100 elementor-top-column elementor-element elementor-element-b08b592\" data-id=\"b08b592\" data-element_type=\"column\" data-e-type=\"column\">\n\t\t\t<div class=\"elementor-widget-wrap elementor-element-populated\">\n\t\t\t\t\t\t<div class=\"elementor-element elementor-element-b275367 elementor-widget elementor-widget-text-editor\" data-id=\"b275367\" data-element_type=\"widget\" data-e-type=\"widget\" data-widget_type=\"text-editor.default\">\n\t\t\t\t<div class=\"elementor-widget-container\">\n\t\t\t\t\t\t\t\t\t<p><span style=\"font-size: 18px;\"><strong>Acc\u00e8s en voiture :<\/strong> Sortie d\u2019autoroute A35 <em>\u00ab\u00a0la Vigie\u00a0\u00bb<\/em> direction Illkirch. <\/span><\/p><p><span style=\"font-size: 18px;\">Parking \u00ab\u00a0centre ville-sud\u00a0\u00bb gratuit via la rue Krafft.<\/span><\/p>\t\t\t\t\t\t\t\t<\/div>\n\t\t\t\t<\/div>\n\t\t\t\t<div class=\"elementor-element elementor-element-f8c700f elementor-widget elementor-widget-text-editor\" data-id=\"f8c700f\" data-element_type=\"widget\" data-e-type=\"widget\" data-widget_type=\"text-editor.default\">\n\t\t\t\t<div class=\"elementor-widget-container\">\n\t\t\t\t\t\t\t\t\t<p><span style=\"font-size: 18px;\"><strong>Acc\u00e8s en tram :<\/strong> Direct depuis le centre ville et la gare de Strasbourg, la salle Milius est desservie par le tram A, arr\u00eat <em>Graffenstaden, <\/em>terminus de la ligne.<\/span><\/p>\t\t\t\t\t\t\t\t<\/div>\n\t\t\t\t<\/div>\n\t\t\t\t<div class=\"elementor-element elementor-element-4fad7c1 elementor-widget elementor-widget-text-editor\" data-id=\"4fad7c1\" data-element_type=\"widget\" data-e-type=\"widget\" data-widget_type=\"text-editor.default\">\n\t\t\t\t<div class=\"elementor-widget-container\">\n\t\t\t\t\t\t\t\t\t<p><span style=\"font-size: 18px;\"><strong>Acc\u00e8s en v\u00e9lo : <\/strong>nombreux arceaux disponibles aux abords de la salle<br \/><\/span><\/p>\t\t\t\t\t\t\t\t<\/div>\n\t\t\t\t<\/div>\n\t\t\t\t\t<\/div>\n\t\t<\/div>\n\t\t\t\t\t<\/div>\n\t\t<\/section>\n\t\t\t\t<section class=\"elementor-section elementor-top-section elementor-element elementor-element-10891a8 elementor-section-boxed elementor-section-height-default elementor-section-height-default\" data-id=\"10891a8\" data-element_type=\"section\" data-e-type=\"section\">\n\t\t\t\t\t\t<div class=\"elementor-container elementor-column-gap-default\">\n\t\t\t\t\t<div class=\"elementor-column elementor-col-100 elementor-top-column elementor-element elementor-element-4e9e5b3\" data-id=\"4e9e5b3\" data-element_type=\"column\" data-e-type=\"column\">\n\t\t\t<div class=\"elementor-widget-wrap elementor-element-populated\">\n\t\t\t\t\t\t<div class=\"elementor-element elementor-element-e2f1d61 elementor-invisible elementor-widget elementor-widget-image\" data-id=\"e2f1d61\" data-element_type=\"widget\" data-e-type=\"widget\" data-settings=\"{&quot;_animation&quot;:&quot;fadeIn&quot;}\" data-widget_type=\"image.default\">\n\t\t\t\t<div class=\"elementor-widget-container\">\n\t\t\t\t\t\t\t\t\t\t\t\t\t\t\t<img decoding=\"async\" src=\"https:\/\/talents-illkirch.eu\/wp-content\/uploads\/elementor\/thumbs\/Plan-salle-milius-et-villA-2-qtyb1kza45d4ot9qayk69arq932h8wg00gx2paprhg.png\" title=\"Plan salle milius et vill&rsquo;A\" alt=\"Plan salle milius et vill&#039;A\" class=\"elementor-animation-grow\" loading=\"lazy\" \/>\t\t\t\t\t\t\t\t\t\t\t\t\t\t\t<\/div>\n\t\t\t\t<\/div>\n\t\t\t\t\t<\/div>\n\t\t<\/div>\n\t\t\t\t\t<\/div>\n\t\t<\/section>\n\t\t\t\t<section class=\"elementor-section elementor-top-section elementor-element elementor-element-67a1d72 elementor-section-boxed elementor-section-height-default elementor-section-height-default\" data-id=\"67a1d72\" data-element_type=\"section\" data-e-type=\"section\">\n\t\t\t\t\t\t<div class=\"elementor-container elementor-column-gap-default\">\n\t\t\t\t\t<div class=\"elementor-column elementor-col-100 elementor-top-column elementor-element elementor-element-fac49b0\" data-id=\"fac49b0\" data-element_type=\"column\" data-e-type=\"column\">\n\t\t\t<div class=\"elementor-widget-wrap elementor-element-populated\">\n\t\t\t\t\t\t<div class=\"elementor-element elementor-element-afa7f03 elementor-widget elementor-widget-spacer\" data-id=\"afa7f03\" data-element_type=\"widget\" data-e-type=\"widget\" data-widget_type=\"spacer.default\">\n\t\t\t\t<div class=\"elementor-widget-container\">\n\t\t\t\t\t\t\t<div class=\"elementor-spacer\">\n\t\t\t<div class=\"elementor-spacer-inner\"><\/div>\n\t\t<\/div>\n\t\t\t\t\t\t<\/div>\n\t\t\t\t<\/div>\n\t\t\t\t<div class=\"elementor-element elementor-element-21c9486 elementor-widget elementor-widget-google_maps\" data-id=\"21c9486\" data-element_type=\"widget\" data-e-type=\"widget\" data-widget_type=\"google_maps.default\">\n\t\t\t\t<div class=\"elementor-widget-container\">\n\t\t\t\t\t\t\t<div class=\"elementor-custom-embed\">\n\t\t\t<iframe loading=\"lazy\"\n\t\t\t\t\tsrc=\"https:\/\/maps.google.com\/maps?q=158%20route%20de%20Lyon%2067400%20%20Illkirch-Graffenstaden&#038;t=m&#038;z=15&#038;output=embed&#038;iwloc=near\"\n\t\t\t\t\ttitle=\"158 route de Lyon 67400  Illkirch-Graffenstaden\"\n\t\t\t\t\taria-label=\"158 route de Lyon 67400  Illkirch-Graffenstaden\"\n\t\t\t><\/iframe>\n\t\t<\/div>\n\t\t\t\t\t\t<\/div>\n\t\t\t\t<\/div>\n\t\t\t\t<div class=\"elementor-element elementor-element-61ade02 elementor-widget elementor-widget-spacer\" data-id=\"61ade02\" data-element_type=\"widget\" data-e-type=\"widget\" data-widget_type=\"spacer.default\">\n\t\t\t\t<div class=\"elementor-widget-container\">\n\t\t\t\t\t\t\t<div class=\"elementor-spacer\">\n\t\t\t<div class=\"elementor-spacer-inner\"><\/div>\n\t\t<\/div>\n\t\t\t\t\t\t<\/div>\n\t\t\t\t<\/div>\n\t\t\t\t<div class=\"elementor-element elementor-element-080b8a3 elementor-widget-divider--view-line elementor-widget elementor-widget-divider\" data-id=\"080b8a3\" data-element_type=\"widget\" data-e-type=\"widget\" data-widget_type=\"divider.default\">\n\t\t\t\t<div class=\"elementor-widget-container\">\n\t\t\t\t\t\t\t<div class=\"elementor-divider\">\n\t\t\t<span class=\"elementor-divider-separator\">\n\t\t\t\t\t\t<\/span>\n\t\t<\/div>\n\t\t\t\t\t\t<\/div>\n\t\t\t\t<\/div>\n\t\t\t\t\t<\/div>\n\t\t<\/div>\n\t\t\t\t\t<\/div>\n\t\t<\/section>\n\t\t\t\t<section class=\"elementor-section elementor-top-section elementor-element elementor-element-26ceb85 elementor-section-boxed elementor-section-height-default elementor-section-height-default\" data-id=\"26ceb85\" data-element_type=\"section\" data-e-type=\"section\">\n\t\t\t\t\t\t<div class=\"elementor-container elementor-column-gap-default\">\n\t\t\t\t\t<div class=\"elementor-column elementor-col-100 elementor-top-column elementor-element elementor-element-6361a58\" data-id=\"6361a58\" data-element_type=\"column\" data-e-type=\"column\">\n\t\t\t<div class=\"elementor-widget-wrap elementor-element-populated\">\n\t\t\t\t\t\t<div class=\"elementor-element elementor-element-bc7bb66 elementor-widget elementor-widget-heading\" data-id=\"bc7bb66\" data-element_type=\"widget\" data-e-type=\"widget\" data-widget_type=\"heading.default\">\n\t\t\t\t<div class=\"elementor-widget-container\">\n\t\t\t\t\t<h2 class=\"elementor-heading-title elementor-size-default\">&gt;  Pour les gourmands :<\/h2>\t\t\t\t<\/div>\n\t\t\t\t<\/div>\n\t\t\t\t<div class=\"elementor-element elementor-element-18e0bb9 elementor-widget elementor-widget-text-editor\" data-id=\"18e0bb9\" data-element_type=\"widget\" data-e-type=\"widget\" data-widget_type=\"text-editor.default\">\n\t\t\t\t<div class=\"elementor-widget-container\">\n\t\t\t\t\t\t\t\t\t<p><span style=\"font-size: 18px;\"><strong><span style=\"font-size: 24px;\">Un salon de th\u00e9 \u00e9ph\u00e9m\u00e8re s&rsquo;installera Salle Millius le temps du salon.<br \/><\/span><\/strong><\/span><span style=\"font-size: 18px;\"> <br \/><strong><span style=\"font-size: 24px;\">Il sera tenu par <a href=\"https:\/\/omnino.fr\/\" target=\"_blank\" rel=\"noopener\">Omnino<\/a>, Caf\u00e9 de sp\u00e9cialit\u00e9,<br \/>qui vous proposera caf\u00e9s, th\u00e9s, boissons, gourmandises et petite restauration.<\/span><\/strong><br \/><br \/><\/span><\/p>\t\t\t\t\t\t\t\t<\/div>\n\t\t\t\t<\/div>\n\t\t\t\t\t<\/div>\n\t\t<\/div>\n\t\t\t\t\t<\/div>\n\t\t<\/section>\n\t\t\t\t<section class=\"elementor-section elementor-top-section elementor-element elementor-element-197a069 elementor-section-boxed elementor-section-height-default elementor-section-height-default\" data-id=\"197a069\" data-element_type=\"section\" data-e-type=\"section\">\n\t\t\t\t\t\t<div class=\"elementor-container elementor-column-gap-default\">\n\t\t\t\t\t<div class=\"elementor-column elementor-col-100 elementor-top-column elementor-element elementor-element-3d9a0ad\" data-id=\"3d9a0ad\" data-element_type=\"column\" data-e-type=\"column\">\n\t\t\t<div class=\"elementor-widget-wrap elementor-element-populated\">\n\t\t\t\t\t\t<div class=\"elementor-element elementor-element-bf4a389 elementor-widget elementor-widget-heading\" data-id=\"bf4a389\" data-element_type=\"widget\" data-e-type=\"widget\" data-widget_type=\"heading.default\">\n\t\t\t\t<div class=\"elementor-widget-container\">\n\t\t\t\t\t<h2 class=\"elementor-heading-title elementor-size-default\">&gt;Acc\u00e8s divers<\/h2>\t\t\t\t<\/div>\n\t\t\t\t<\/div>\n\t\t\t\t\t<\/div>\n\t\t<\/div>\n\t\t\t\t\t<\/div>\n\t\t<\/section>\n\t\t\t\t<section class=\"elementor-section elementor-top-section elementor-element elementor-element-f8d08fe elementor-section-boxed elementor-section-height-default elementor-section-height-default\" data-id=\"f8d08fe\" data-element_type=\"section\" data-e-type=\"section\">\n\t\t\t\t\t\t<div class=\"elementor-container elementor-column-gap-default\">\n\t\t\t\t\t<div class=\"elementor-column elementor-col-100 elementor-top-column elementor-element elementor-element-75000df\" data-id=\"75000df\" data-element_type=\"column\" data-e-type=\"column\">\n\t\t\t<div class=\"elementor-widget-wrap elementor-element-populated\">\n\t\t\t\t\t\t<div class=\"elementor-element elementor-element-555e894 elementor-widget elementor-widget-text-editor\" data-id=\"555e894\" data-element_type=\"widget\" data-e-type=\"widget\" data-widget_type=\"text-editor.default\">\n\t\t\t\t<div class=\"elementor-widget-container\">\n\t\t\t\t\t\t\t\t\t<p style=\"text-align: center;\"><span style=\"text-decoration: underline;\"><strong>Hello Asso (inscription et paiements ateliers)<\/strong><\/span><\/p><p style=\"text-align: center;\"><a href=\"https:\/\/www.helloasso.com\/associations\/brode-art\">Brode-Art | HelloAsso<\/a><\/p><p style=\"text-align: center;\">https:\/\/www.helloasso.com\/associations\/brode-art<\/p>\t\t\t\t\t\t\t\t<\/div>\n\t\t\t\t<\/div>\n\t\t\t\t\t<\/div>\n\t\t<\/div>\n\t\t\t\t\t<\/div>\n\t\t<\/section>\n\t\t\t\t<\/div>\n\t\t","protected":false},"excerpt":{"rendered":"<p>&gt; Dates et horaires : Samedi 22 mars de 10h00 \u00e0 19h00Dimanche 23 mars de 09h30 \u00e0 18h00 &gt; Tarifs [&hellip;]<\/p>\n","protected":false},"author":3,"featured_media":0,"parent":0,"menu_order":0,"comment_status":"closed","ping_status":"closed","template":"","meta":{"footnotes":""},"class_list":["post-86","page","type-page","status-publish","hentry"],"_links":{"self":[{"href":"https:\/\/talents-illkirch.eu\/index.php\/wp-json\/wp\/v2\/pages\/86","targetHints":{"allow":["GET"]}}],"collection":[{"href":"https:\/\/talents-illkirch.eu\/index.php\/wp-json\/wp\/v2\/pages"}],"about":[{"href":"https:\/\/talents-illkirch.eu\/index.php\/wp-json\/wp\/v2\/types\/page"}],"author":[{"embeddable":true,"href":"https:\/\/talents-illkirch.eu\/index.php\/wp-json\/wp\/v2\/users\/3"}],"replies":[{"embeddable":true,"href":"https:\/\/talents-illkirch.eu\/index.php\/wp-json\/wp\/v2\/comments?post=86"}],"version-history":[{"count":308,"href":"https:\/\/talents-illkirch.eu\/index.php\/wp-json\/wp\/v2\/pages\/86\/revisions"}],"predecessor-version":[{"id":8738,"href":"https:\/\/talents-illkirch.eu\/index.php\/wp-json\/wp\/v2\/pages\/86\/revisions\/8738"}],"wp:attachment":[{"href":"https:\/\/talents-illkirch.eu\/index.php\/wp-json\/wp\/v2\/media?parent=86"}],"curies":[{"name":"wp","href":"https:\/\/api.w.org\/{rel}","templated":true}]}}